{"id":10,"date":"2018-07-05T17:40:31","date_gmt":"2018-07-05T17:40:31","guid":{"rendered":"https:\/\/www.andreiajacobo.com.br\/site\/?page_id=10"},"modified":"2023-05-25T16:22:02","modified_gmt":"2023-05-25T16:22:02","slug":"home","status":"publish","type":"page","link":"https:\/\/www.andreiajacobo.com.br\/site\/","title":{"rendered":"Home"},"content":{"rendered":"<p>[slider_pro id=&#8221;1&#8243;]<\/p>\n<div style=\"display: none;\">\n<p>cirurgia ginecol\u00f3gica passo fundo endometriose passo fundo, andreia em passo fundo, medica, Passo Fundo RS, medica e cirurgia ginecol\u00f3gica miomas uterino passo fundo<\/p>\n<h1>medica em Passo Fundo,\u00a0andreia passo fundo, endometriose passo fundo,<\/h1>\n<h2>medica em passo fundo, cirurgia ginecol\u00f3gica passo fundo e regi\u00e3o, endometriose passo fundo em passo fundo, medica venda andreia cirurgia ginecol\u00f3gica miomas uterino passo fundo, cirurgia ginecol\u00f3gica em passo fundo rs, medica, para passo fundo e regi\u00e3o, medica para passo fundo e regi\u00e3o\u00a0cirurgia ginecol\u00f3gica cirurgia ginecol\u00f3gica cirurgia ginecol\u00f3gica miomas uterino passo fundo de medica em passo fundo, cirurgia ginecol\u00f3gica passo fundo e regi\u00e3o, endometriose passo fundo em passo fundo, medica venda andreia cirurgia ginecol\u00f3gica miomas uterino passo fundo, cirurgia ginecol\u00f3gica em passo fundo rs, medica,<a title=\"cirurgia ginecol\u00f3gica cirurgia ginecol\u00f3gica cirurgia ginecol\u00f3gica miomas uterino passo fundo de medica em passo fundo, cirurgia ginecol\u00f3gica passo fundo e regi\u00e3o, endometriose passo fundo em passo fundo, medica venda andreia cirurgia ginecol\u00f3gica miomas uterino passo fundo, cirurgia ginecol\u00f3gica em passo fundo rs, medica, para passo fundo e regi\u00e3o, medica para passo fundo e regi\u00e3o\" href=\"http:\/\/www.andreiajacobo.com.br\">para passo fundo e regi\u00e3o, medica para passo fundo e regi\u00e3o\u00a0cirurgia ginecol\u00f3gica cirurgia ginecol\u00f3gica cirurgia ginecol\u00f3gica miomas uterino passo fundo de medica em passo fundo, cirurgia ginecol\u00f3gica passo fundo e regi\u00e3o, endometriose passo fundo em passo fundo, medica venda andreia cirurgia ginecol\u00f3gica miomas uterino passo fundo, cirurgia ginecol\u00f3gica em passo fundo rs, medica<\/a>, para passo fundo e regi\u00e3o, medica para passo fundo e regi\u00e3o\u00a0cirurgia ginecol\u00f3gica cirurgia ginecol\u00f3gica cirurgia ginecol\u00f3gica miomas uterino passo fundo de medica em passo fundo, cirurgia ginecol\u00f3gica passo fundo e regi\u00e3o, endometriose passo fundo em passo fundo, medica venda andreia cirurgia ginecol\u00f3gica miomas uterino passo fundo, cirurgia ginecol\u00f3gica em passo fundo rs, medica, para passo fundo e regi\u00e3o, medica para passo fundo e regi\u00e3o\u00a0cirurgia ginecol\u00f3gica cirurgia ginecol\u00f3gica cirurgia ginecol\u00f3gica miomas uterino passo fundo de medica em passo fundo, cirurgia ginecol\u00f3gica passo fundo e regi\u00e3o, endometriose passo fundo em passo fundo, medica venda andreia cirurgia ginecol\u00f3gica miomas uterino passo fundo, cirurgia ginecol\u00f3gica em passo fundo rs, medica, para passo fundo e regi\u00e3o,<a title=\"cirurgia ginecol\u00f3gica cirurgia ginecol\u00f3gica cirurgia ginecol\u00f3gica miomas uterino passo fundo de medica em passo fundo, cirurgia ginecol\u00f3gica passo fundo e regi\u00e3o, endometriose passo fundo em passo fundo, medica venda andreia cirurgia ginecol\u00f3gica miomas uterino passo fundo, cirurgia ginecol\u00f3gica em passo fundo rs, medica, para passo fundo e regi\u00e3o, medica para passo fundo e regi\u00e3o\" href=\"https:\/\/www.andreiajacobo.com.br\/site\">medica para passo fundo e regi\u00e3o\u00a0cirurgia ginecol\u00f3gica cirurgia ginecol\u00f3gica cirurgia ginecol\u00f3gica miomas uterino passo fundo de medica em passo fundo, cirurgia ginecol\u00f3gica passo fundo e regi\u00e3o, cria\u00e7\u00e3o de sit<\/a>es em passo fundo, medica venda andreia cirurgia ginecol\u00f3gica miomas uterino passo fundo, cirurgia ginecol\u00f3gica em passo fundo rs, medica, para passo fundo e regi\u00e3o, medica para passo fundo e regi\u00e3o<\/h2>\n<div id=\"attachment_747\" style=\"width: 353px\" class=\"wp-caption aligncenter\"><a href=\"https:\/\/www.andreiajacobo.com.br\/site\/wp-content\/uploads\/2013\/06\/per\u00edcia-m\u00e9dica-passo-fundo-rs.jpg\"><img decoding=\"async\" aria-describedby=\"caption-attachment-747\" class=\"size-full wp-image-747 \" title=\"cirurgia ginecol\u00f3gica cirurgia ginecol\u00f3gica cirurgia ginecol\u00f3gica miomas uterino passo fundo de medica em Passo Fundo\" src=\"https:\/\/www.andreiajacobo.com.br\/site\/wp-content\/uploads\/2013\/06\/per\u00edcia-m\u00e9dica-passo-fundo-rs.jpg\" alt=\"cirurgia ginecol\u00f3gica cirurgia ginecol\u00f3gica cirurgia ginecol\u00f3gica miomas uterino passo fundo de medica em Passo Fundo\" width=\"343\" height=\"300\"  loading=\"lazy\" \/><\/a><p id=\"caption-attachment-747\" class=\"wp-caption-text\">cirurgia ginecol\u00f3gica cirurgia ginecol\u00f3gica cirurgia ginecol\u00f3gica miomas uterino passo fundo de medica em Passo Fundo<\/p><\/div>\n<\/div>\n","protected":false},"excerpt":{"rendered":"<p>[slider_pro id=&#8221;1&#8243;] cirurgia ginecol\u00f3gica passo fundo endometriose passo fundo, andreia em passo fundo, medica, Passo [&hellip;]<\/p>\n","protected":false},"author":1,"featured_media":0,"parent":0,"menu_order":0,"comment_status":"closed","ping_status":"closed","template":"template-inicio.php","meta":{"footnotes":""},"class_list":["post-10","page","type-page","status-publish","hentry"],"_links":{"self":[{"href":"https:\/\/www.andreiajacobo.com.br\/site\/wp-json\/wp\/v2\/pages\/10"}],"collection":[{"href":"https:\/\/www.andreiajacobo.com.br\/site\/wp-json\/wp\/v2\/pages"}],"about":[{"href":"https:\/\/www.andreiajacobo.com.br\/site\/wp-json\/wp\/v2\/types\/page"}],"author":[{"embeddable":true,"href":"https:\/\/www.andreiajacobo.com.br\/site\/wp-json\/wp\/v2\/users\/1"}],"replies":[{"embeddable":true,"href":"https:\/\/www.andreiajacobo.com.br\/site\/wp-json\/wp\/v2\/comments?post=10"}],"version-history":[{"count":4,"href":"https:\/\/www.andreiajacobo.com.br\/site\/wp-json\/wp\/v2\/pages\/10\/revisions"}],"predecessor-version":[{"id":103,"href":"https:\/\/www.andreiajacobo.com.br\/site\/wp-json\/wp\/v2\/pages\/10\/revisions\/103"}],"wp:attachment":[{"href":"https:\/\/www.andreiajacobo.com.br\/site\/wp-json\/wp\/v2\/media?parent=10"}],"curies":[{"name":"wp","href":"https:\/\/api.w.org\/{rel}","templated":true}]}}